{"id":8761,"date":"2016-01-10T12:08:56","date_gmt":"2016-01-10T11:08:56","guid":{"rendered":"https:\/\/segurosdehogar.seguroscatalanaoccidente.com\/?page_id=8761"},"modified":"2024-12-27T08:46:37","modified_gmt":"2024-12-27T07:46:37","slug":"solicitud-suscripcion-newsletter-enviada","status":"publish","type":"page","link":"https:\/\/www.occident.com\/\/blog\/solicitud-suscripcion-newsletter-enviada\/","title":{"rendered":"S\u00f3lo queda un paso para suscribirte"},"content":{"rendered":"<div class=\"category\">\n<section class=\"cabecera\">\n<div class=\"container\">\n<div class=\"row\">\n<div class=\"col\">\n<header class=\"page-header category-header mb-4\">\n<h1>S\u00f3lo queda un paso para suscribirte<\/h1>\n<\/header>\n<\/div>\n<\/div>\n<\/div>\n<\/section>\n<\/div>\n<div class=\"container\">\n<p><strong>Hemos recibido tu solicitud correctamente. Accede a tu correo para confirmar tu suscripci\u00f3n.<\/strong><\/p>\n<table>\n<tbody>\n<tr>\n<td><img decoding=\"async\" class=\"alignleft wp-image-22546 size-full\" style=\"margin-bottom: 0;\" src=\"https:\/\/edicionpreblogs.occident.com\/blog\/assets\/multimedia\/2019\/04\/envio-mensaje.png\" alt=\"email enviado\" width=\"50\" height=\"50\" \/><\/td>\n<td style=\"vertical-align: middle;\">Te hemos enviado un email para verificar la cuenta que nos has facilitado.<\/td>\n<\/tr>\n<tr>\n<td><img decoding=\"async\" class=\"wp-image-22545 size-full alignleft\" style=\"margin-bottom: 0;\" src=\"https:\/\/www.occident.com\/blog\/assets\/multimedia\/2019\/04\/email-abierto.png\" alt=\"email abierto\" width=\"50\" height=\"50\" \/><\/td>\n<td style=\"vertical-align: middle;\">Accede tu cuenta de correo, busca nuestro email, puede estar en \u00abcorreo no deseado\u00bb.<\/td>\n<\/tr>\n<tr>\n<td><img decoding=\"async\" class=\"wp-image-22547 size-full alignleft\" style=\"margin-bottom: 0;\" src=\"https:\/\/www.occident.com\/blog\/assets\/multimedia\/2019\/04\/ok.png\" alt=\"confirmacion\" width=\"50\" height=\"50\" \/><\/td>\n<td style=\"vertical-align: middle;\">Haz clic en el enlace y ya empezar\u00e1s a recibir nuestros mejores art\u00edculos cuando se publiquen y&#8230; m\u00e1s sorpresas por ser suscriptor.<\/td>\n<\/tr>\n<\/tbody>\n<\/table>\n<p>&nbsp;<br \/>\n\u00a1Muchas gracias!\n<\/p><\/div>\n<p>&nbsp;<\/p>\n<p>&nbsp;<\/p>\n","protected":false},"excerpt":{"rendered":"<p>S\u00f3lo queda un paso para suscribirte Hemos recibido tu solicitud correctamente. Accede a tu correo para confirmar tu suscripci\u00f3n. Te hemos enviado un email para verificar la cuenta que nos has facilitado. Accede tu cuenta de correo, busca nuestro email, puede estar en \u00abcorreo no deseado\u00bb. Haz clic en el enlace y ya empezar\u00e1s a [&hellip;]<\/p>\n","protected":false},"author":1,"featured_media":0,"parent":0,"menu_order":0,"comment_status":"closed","ping_status":"closed","template":"page-templates\/page-blank.php","meta":{"yasr_overall_rating":0,"yasr_post_is_review":"","yasr_auto_insert_disabled":"","yasr_review_type":""},"acf":[],"yoast_head":"<!-- This site is optimized with the Yoast SEO plugin v20.10 - https:\/\/yoast.com\/wordpress\/plugins\/seo\/ -->\n<title>S\u00f3lo queda un paso para suscribirte - Blog de Occident<\/title>\n<meta name=\"robots\" content=\"index, follow, max-snippet:-1, max-image-preview:large, max-video-preview:-1\" \/>\n<link rel=\"canonical\" href=\"https:\/\/www.occident.com\/\/blog\/solicitud-suscripcion-newsletter-enviada\/\" \/>\n<meta property=\"og:locale\" content=\"es_ES\" \/>\n<meta property=\"og:type\" content=\"article\" \/>\n<meta property=\"og:title\" content=\"S\u00f3lo queda un paso para suscribirte - Blog de Occident\" \/>\n<meta property=\"og:description\" content=\"S\u00f3lo queda un paso para suscribirte Hemos recibido tu solicitud correctamente. Accede a tu correo para confirmar tu suscripci\u00f3n. Te hemos enviado un email para verificar la cuenta que nos has facilitado. Accede tu cuenta de correo, busca nuestro email, puede estar en \u00abcorreo no deseado\u00bb. Haz clic en el enlace y ya empezar\u00e1s a [&hellip;]\" \/>\n<meta property=\"og:url\" content=\"https:\/\/www.occident.com\/\/blog\/solicitud-suscripcion-newsletter-enviada\/\" \/>\n<meta property=\"og:site_name\" content=\"Blog de Occident\" \/>\n<meta property=\"article:publisher\" content=\"https:\/\/www.facebook.com\/OccidentSeguros\" \/>\n<meta property=\"article:modified_time\" content=\"2024-12-27T07:46:37+00:00\" \/>\n<meta property=\"og:image\" content=\"https:\/\/edicionpreblogs.occident.com\/blog\/assets\/multimedia\/2019\/04\/envio-mensaje.png\" \/>\n<meta name=\"twitter:card\" content=\"summary_large_image\" \/>\n<meta name=\"twitter:label1\" content=\"Tiempo de lectura\" \/>\n\t<meta name=\"twitter:data1\" content=\"1 minuto\" \/>\n<script type=\"application\/ld+json\" class=\"yoast-schema-graph\">{\"@context\":\"https:\/\/schema.org\",\"@graph\":[{\"@type\":\"WebPage\",\"@id\":\"https:\/\/www.occident.com\/\/blog\/solicitud-suscripcion-newsletter-enviada\/\",\"url\":\"https:\/\/www.occident.com\/\/blog\/solicitud-suscripcion-newsletter-enviada\/\",\"name\":\"S\u00f3lo queda un paso para suscribirte - Blog de Occident\",\"isPartOf\":{\"@id\":\"https:\/\/www.occident.com\/\/blog\/#website\"},\"datePublished\":\"2016-01-10T11:08:56+00:00\",\"dateModified\":\"2024-12-27T07:46:37+00:00\",\"inLanguage\":\"es\",\"potentialAction\":[{\"@type\":\"ReadAction\",\"target\":[\"https:\/\/www.occident.com\/\/blog\/solicitud-suscripcion-newsletter-enviada\/\"]}]},{\"@type\":\"WebSite\",\"@id\":\"https:\/\/www.occident.com\/\/blog\/#website\",\"url\":\"https:\/\/www.occident.com\/\/blog\/\",\"name\":\"Blog de Occident\",\"description\":\"Blog de Occident con informaci\u00f3n pr\u00e1ctica y consejos sobre ahorro en el hogar, familia, decoraci\u00f3n, bricolaje y cocina.\",\"publisher\":{\"@id\":\"https:\/\/www.occident.com\/\/blog\/#organization\"},\"potentialAction\":[{\"@type\":\"SearchAction\",\"target\":{\"@type\":\"EntryPoint\",\"urlTemplate\":\"https:\/\/www.occident.com\/\/blog\/?s={search_term_string}\"},\"query-input\":\"required name=search_term_string\"}],\"inLanguage\":\"es\"},{\"@type\":\"Organization\",\"@id\":\"https:\/\/www.occident.com\/\/blog\/#organization\",\"name\":\"Blog de Occident\",\"url\":\"https:\/\/www.occident.com\/\/blog\/\",\"logo\":{\"@type\":\"ImageObject\",\"inLanguage\":\"es\",\"@id\":\"https:\/\/www.occident.com\/\/blog\/#\/schema\/logo\/image\/\",\"url\":\"https:\/\/www.occident.com\/\/blog\/assets\/multimedia\/2025\/02\/occident-logo.jpg\",\"contentUrl\":\"https:\/\/www.occident.com\/\/blog\/assets\/multimedia\/2025\/02\/occident-logo.jpg\",\"width\":250,\"height\":141,\"caption\":\"Blog de Occident\"},\"image\":{\"@id\":\"https:\/\/www.occident.com\/\/blog\/#\/schema\/logo\/image\/\"},\"sameAs\":[\"https:\/\/www.facebook.com\/OccidentSeguros\",\"https:\/\/www.linkedin.com\/company\/occidentseguros\/\",\"https:\/\/www.tiktok.com\/@occidentseguros\",\"https:\/\/x.com\/OccidentSeguros\"]}]}<\/script>\n<!-- \/ Yoast SEO plugin. -->","yoast_head_json":{"title":"S\u00f3lo queda un paso para suscribirte - Blog de Occident","robots":{"index":"index","follow":"follow","max-snippet":"max-snippet:-1","max-image-preview":"max-image-preview:large","max-video-preview":"max-video-preview:-1"},"canonical":"https:\/\/www.occident.com\/\/blog\/solicitud-suscripcion-newsletter-enviada\/","og_locale":"es_ES","og_type":"article","og_title":"S\u00f3lo queda un paso para suscribirte - Blog de Occident","og_description":"S\u00f3lo queda un paso para suscribirte Hemos recibido tu solicitud correctamente. Accede a tu correo para confirmar tu suscripci\u00f3n. Te hemos enviado un email para verificar la cuenta que nos has facilitado. Accede tu cuenta de correo, busca nuestro email, puede estar en \u00abcorreo no deseado\u00bb. Haz clic en el enlace y ya empezar\u00e1s a [&hellip;]","og_url":"https:\/\/www.occident.com\/\/blog\/solicitud-suscripcion-newsletter-enviada\/","og_site_name":"Blog de Occident","article_publisher":"https:\/\/www.facebook.com\/OccidentSeguros","article_modified_time":"2024-12-27T07:46:37+00:00","og_image":[{"url":"https:\/\/edicionpreblogs.occident.com\/blog\/assets\/multimedia\/2019\/04\/envio-mensaje.png"}],"twitter_card":"summary_large_image","twitter_misc":{"Tiempo de lectura":"1 minuto"},"schema":{"@context":"https:\/\/schema.org","@graph":[{"@type":"WebPage","@id":"https:\/\/www.occident.com\/\/blog\/solicitud-suscripcion-newsletter-enviada\/","url":"https:\/\/www.occident.com\/\/blog\/solicitud-suscripcion-newsletter-enviada\/","name":"S\u00f3lo queda un paso para suscribirte - Blog de Occident","isPartOf":{"@id":"https:\/\/www.occident.com\/\/blog\/#website"},"datePublished":"2016-01-10T11:08:56+00:00","dateModified":"2024-12-27T07:46:37+00:00","inLanguage":"es","potentialAction":[{"@type":"ReadAction","target":["https:\/\/www.occident.com\/\/blog\/solicitud-suscripcion-newsletter-enviada\/"]}]},{"@type":"WebSite","@id":"https:\/\/www.occident.com\/\/blog\/#website","url":"https:\/\/www.occident.com\/\/blog\/","name":"Blog de Occident","description":"Blog de Occident con informaci\u00f3n pr\u00e1ctica y consejos sobre ahorro en el hogar, familia, decoraci\u00f3n, bricolaje y cocina.","publisher":{"@id":"https:\/\/www.occident.com\/\/blog\/#organization"},"potentialAction":[{"@type":"SearchAction","target":{"@type":"EntryPoint","urlTemplate":"https:\/\/www.occident.com\/\/blog\/?s={search_term_string}"},"query-input":"required name=search_term_string"}],"inLanguage":"es"},{"@type":"Organization","@id":"https:\/\/www.occident.com\/\/blog\/#organization","name":"Blog de Occident","url":"https:\/\/www.occident.com\/\/blog\/","logo":{"@type":"ImageObject","inLanguage":"es","@id":"https:\/\/www.occident.com\/\/blog\/#\/schema\/logo\/image\/","url":"https:\/\/www.occident.com\/\/blog\/assets\/multimedia\/2025\/02\/occident-logo.jpg","contentUrl":"https:\/\/www.occident.com\/\/blog\/assets\/multimedia\/2025\/02\/occident-logo.jpg","width":250,"height":141,"caption":"Blog de Occident"},"image":{"@id":"https:\/\/www.occident.com\/\/blog\/#\/schema\/logo\/image\/"},"sameAs":["https:\/\/www.facebook.com\/OccidentSeguros","https:\/\/www.linkedin.com\/company\/occidentseguros\/","https:\/\/www.tiktok.com\/@occidentseguros","https:\/\/x.com\/OccidentSeguros"]}]}},"yasr_visitor_votes":{"stars_attributes":{"read_only":false,"span_bottom":false},"number_of_votes":0,"sum_votes":0},"_links":{"self":[{"href":"https:\/\/www.occident.com\/\/blog\/wp-json\/wp\/v2\/pages\/8761"}],"collection":[{"href":"https:\/\/www.occident.com\/\/blog\/wp-json\/wp\/v2\/pages"}],"about":[{"href":"https:\/\/www.occident.com\/\/blog\/wp-json\/wp\/v2\/types\/page"}],"author":[{"embeddable":true,"href":"https:\/\/www.occident.com\/\/blog\/wp-json\/wp\/v2\/users\/1"}],"replies":[{"embeddable":true,"href":"https:\/\/www.occident.com\/\/blog\/wp-json\/wp\/v2\/comments?post=8761"}],"version-history":[{"count":20,"href":"https:\/\/www.occident.com\/\/blog\/wp-json\/wp\/v2\/pages\/8761\/revisions"}],"predecessor-version":[{"id":35532,"href":"https:\/\/www.occident.com\/\/blog\/wp-json\/wp\/v2\/pages\/8761\/revisions\/35532"}],"wp:attachment":[{"href":"https:\/\/www.occident.com\/\/blog\/wp-json\/wp\/v2\/media?parent=8761"}],"curies":[{"name":"wp","href":"https:\/\/api.w.org\/{rel}","templated":true}]}}