{"id":41454,"date":"2025-09-22T18:47:15","date_gmt":"2025-09-22T16:47:15","guid":{"rendered":"https:\/\/www.occident.com\/\/blog\/calculadora-autonomos-irpf-iva\/"},"modified":"2025-11-18T14:34:21","modified_gmt":"2025-11-18T13:34:21","slug":"calculadora-autonomos-irpf-iva","status":"publish","type":"page","link":"https:\/\/www.occident.com\/\/blog\/autonomos-pymes\/calcular\/calculadora-autonomos-irpf-iva\/","title":{"rendered":"Calculadora para aut\u00f3nomos de IRPF e IVA"},"content":{"rendered":"<p>Si eres aut\u00f3nomo y quieres calcular de manera sencilla los importes de tus facturas con el desglose del IVA e IRPF, <strong>te invitamos a utilizar nuestra calculadora de IRPF e IVA.<\/strong><\/p>\n        <div class=\"calculadora-de-IRPF-e-IVA-para-autonomos\">\r\n            <div class=\"calculadoraIVA-IRPF aside aside-form aside-black\">\r\n                <header>\r\n                    <h3 class=\"h3\">Calculadora de IRPF e IVA para aut\u00f3nomos<\/h3>\r\n                    <p>Calcula cu\u00e1nto dinero te quedar\u00e1 neto sin impuestos de cada factura o introduce t\u00fa la cantidad que quieras libre de impuestos y calcula la base y total de la factura que tendr\u00e1s que crear.<\/p>\r\n                    <p>Al introducir la cantidad pulsa <strong>&lt;Enter&gt;<\/strong> para calcular<\/p>\r\n                <\/header>\r\n                <form id=\"calculadoraIVA-IRPF\">\r\n                    <div class=\"row\" style=\"margin-bottom: 3%; border-bottom: dashed white 1px;\">\r\n                        <div class=\"col-sm-6\"><label class=\"form-title\">Base<\/label><\/div>\r\n                        <div class=\"col-sm-6\">\r\n                            <input id=\"base-in\" class=\"form-control currency\" name=\"\" type=\"text\" placeholder=\"Base imponible\">\r\n                        <\/div>\r\n                    <\/div>\r\n                    <div class=\"row\">\r\n                        <div class=\"col-sm-6\">\r\n                            <div class=\"row\">\r\n                                <div class=\"col-sm-6\">\r\n                                    <label>I.V.A.<\/label>\r\n                                <\/div>\r\n                                <div class=\"col-sm-6\">\r\n                                    <div class=\"input-container\">\r\n                                        <div class=\"select \">\r\n                                            <select id=\"iva-in\" class=\"form-control press\">\r\n                                                <option value=\"0\">0%<\/option>\r\n                                                <option value=\"4\">4%<\/option>\r\n                                                <option value=\"7\">7%<\/option>\r\n                                                <option value=\"8\">8%<\/option>\r\n                                                <option value=\"10\">10%<\/option>\r\n                                                <option value=\"16\">16%<\/option>\r\n                                                <option value=\"18\">18%<\/option>\r\n                                                <option selected=\"selected\" value=\"21\">21%<\/option>\r\n                                            <\/select>\r\n                                        <\/div>\r\n                                    <\/div>\r\n                                <\/div>\r\n                            <\/div>\r\n                        <\/div>\r\n                        <div class=\"col-sm-6\">\r\n                            <input id=\"iva-out\" class=\"form-control currency\" disabled=\"disabled\" name=\"\" readonly=\"readonly\" type=\"text\" placeholder=\"Importe I.V.A.\">\r\n                        <\/div>\r\n                    <\/div>\r\n                    <div class=\"row\">\r\n                        <div class=\"col-sm-6\">\r\n                            <label>Precio con I.V.A.<\/label>\r\n                        <\/div>\r\n                        <div class=\"col-sm-6\">\r\n                            <input id=\"precio-iva-out\" class=\"form-control currency\" disabled=\"disabled\" name=\"\" readonly=\"readonly\" type=\"text\" placeholder=\"Precio con I.V.A.\">\r\n                        <\/div>\r\n                    <\/div>\r\n                    <div class=\"row\">\r\n                        <div class=\"col-sm-6\">\r\n                            <div class=\"row\">\r\n                                <div class=\"col-sm-6\">\r\n                                    <label>I.R.P.F<\/label>\r\n                                <\/div>\r\n                                <div class=\"col-sm-6\">\r\n                                    <div class=\"input-container\">\r\n                                        <div class=\"select \">\r\n                                            <select id=\"irpf-in\" class=\"retention_select font16 press\" name=\"irpf_factura\">\r\n                                                <option value=\"0\">0 % - Sin retenci\u00f3n<\/option>\r\n                                                <optgroup label=\"Valores actuales\"><\/optgroup>\r\n                                                <option value=\"1\">1 % - M\u00f3dulos o Actividades Ganaderas<\/option>\r\n                                                <option value=\"2\">2 % - Sector Agrario<\/option>\r\n                                                <option value=\"7\">7 % - Profesionales en los dos primeros a\u00f1os de actividad<\/option>\r\n                                                <option selected=\"selected\" value=\"15\">15 % - Profesionales<\/option>\r\n                                                <option value=\"19\">19 % - Alquileres o Intereses (capital mobiliario)<\/option>\r\n                                                <optgroup label=\"Valores bonificados (Ceuta y Melilla)\"><\/optgroup>\r\n                                                <option value=\"2.8\">2.8 % - Profesionales en los dos primeros a\u00f1os de actividad (Ceuta y Melilla)<\/option>\r\n                                                <option value=\"6\">6 % - Profesionales (de Ceuta y Melilla)<\/option>\r\n                                                <option value=\"7.6\">7.6 % - Alquiler (Ceuta y Melilla)<\/option>\r\n                                            <\/select>\r\n                                        <\/div>\r\n                                    <\/div>\r\n                                <\/div>\r\n                            <\/div>\r\n                        <\/div>\r\n                        <div class=\"col-sm-6\">\r\n                            <input id=\"irpf-out\" class=\"form-control currency\" disabled=\"disabled\" name=\"\" readonly=\"readonly\" type=\"text\" placeholder=\"Retenci\u00f3n I.R.P.F\">\r\n                        <\/div>\r\n                    <\/div>\r\n                    <div class=\"row\">\r\n                        <div class=\"col-sm-6\">\r\n                            <label>Importe de factura<\/label>\r\n                        <\/div>\r\n                        <div class=\"col-sm-6\">\r\n                            <input id=\"importe-total-in-out\" class=\"form-control currency\" style=\"background: #FCC;\" disabled=\"disabled\" name=\"\" readonly=\"readonly\" type=\"text\" placeholder=\"Importe total\">\r\n                        <\/div>\r\n                    <\/div>\r\n                    <div class=\"row\">\r\n                        <div class=\"col-sm-6\">\r\n                            <label>Neto sin impuestos de esta factura<\/label>\r\n                        <\/div>\r\n                    <div class=\"col-sm-6\"><input id=\"neto-out\" class=\"form-control currency\" style=\"font-weight: bold; font-size: large;\" name=\"\" type=\"text\" placeholder=\"Neto sin impuestos\"><\/div>\r\n                    <\/div>\r\n                <\/form>\r\n            <\/div>\r\n        <\/div>\r\n        \n<p>Como aut\u00f3nomo, si quieres tener tus cuentas claras, debes tener claro que una de las diferencias principales frente a los trabajadores por cuenta ajena, es que has de emitir facturas para obtener ingresos. Todas las facturas que realices como aut\u00f3nomo deben incluir la Base Imponible a cobrar por tus servicios o productos, el IVA y el IRPF.<\/p>\n<p>Para saber a ciencia cierta cu\u00e1nto dinero vas a percibir por el total de la factura deber\u00e1s realizar el siguiente c\u00e1lculo: al precio de venta original <strong>(Base Imponible)<\/strong> tendr\u00e1s que sumarle la <strong>cantidad correspondiente de IVA<\/strong> y restarle la que corresponda del <strong>IRPF<\/strong>.<\/p>\n<p>Algo importante que has de tener en cuenta es que, como profesional, siempre que emitas facturas a una empresa u otro aut\u00f3nomo debes incluir el IRPF. No sucede as\u00ed en el caso de que la factura est\u00e9 destinada a un particular. En este caso, la factura no incluir\u00e1 retenci\u00f3n de IRPF.<\/p>\n<h2>Calcula las retenciones de IRPF y el IVA de tus facturas gratis<\/h2>\n<p>Para facilitar el c\u00e1lculo del IRPF e IVA en tus facturas, desde Plus Ultra Seguros, <strong>hemos creado una sencilla calculadora para aut\u00f3nomos <\/strong>con la que\u00a0puedas conocer qu\u00e9 importes deber\u00e1n aparecer en tus pr\u00f3ximas facturas sin volverte loco.<\/p>\n<p>Utilizar esta calculadora de IRPF es muy f\u00e1cil. Tan solo <strong>indica en el recuadro \u201cBase\u201d el importe acordado con tu cliente a cobrar<\/strong>, es decir, el precio de tu producto o servicio. A continuaci\u00f3n, selecciona de la lista el IVA que se aplica a tu actividad y la retenci\u00f3n de IRPF correspondiente a tu empresa, <strong>presiona &lt;ENTER&gt;<\/strong>\u00a0\u00a1Listo! <strong>La calculadora de IRPF te mostrar\u00e1 el importe de IVA y la retenci\u00f3n de IRPF <\/strong>que deber\u00e1s restar de la factura y el desglose final.<\/p>\n<p>Si no sabes qu\u00e9 IRPF te corresponde, en este art\u00edculo sobre <strong><a href=\"https:\/\/www.occident.com\/canal\/autonomos-pymes\/post\/calculadora-irpf-autonomos\" target=\"_self\" rel=\"noopener\">aut\u00f3nomos e IRPF <\/a><\/strong>podr\u00e1s determinar cu\u00e1l es el Impuesto de Retenci\u00f3n sobre las Personas F\u00edsicas que corresponde a tu actividad en el momento actual.<\/p>\n<p>Si tienes preguntas adicionales, no dudes en ponerte en contacto con uno de <strong><a href=\"https:\/\/contactar.occident.com\/rc-autonomos?utm_campaign=NySa-Nurturing&amp;utm_source=art%C3%ADculo&amp;utm_medium=canal&amp;utm_content=calculadora_irpf\" target=\"_blank\" rel=\"noopener\">nuestros expertos<\/a><\/strong> para asesorarte de manera gratuita.<\/p>\n<h2>Retenciones y pagos como aut\u00f3nomo<\/h2>\n<p>Otra cuesti\u00f3n que, como aut\u00f3nomo, debes tener en cuenta, son los gastos derivados de tu actividad empresarial. Por eso, <strong>para poder calcular de manera correcta la cantidad neta que vas a obtener por tu negocio deber\u00e1s tener en cuenta <\/strong>y restar del total de facturas anuales los siguientes puntos:<\/p>\n<ol>\n<li>La <strong>liquidaci\u00f3n trimestral del IVA modelo 303<\/strong>: Como aut\u00f3nomo, debes conocer qu\u00e9 tipo de IVA se aplica a tu actividad econ\u00f3mica para, as\u00ed, poder cumplir con las obligaciones fiscales correctamente.Trimestralmente como aut\u00f3nomo <strong>deber\u00e1s cumplimentar y entregar a hacienda el modelo 303 indicando el IVA repercutido menos el soportado<\/strong>. El IVA soportado es el IVA que como aut\u00f3nomos \u201cpagamos\u201d. Por ejemplo, si compras un ordenador para tu empresa, has tenido que \u201csoportar\u201d un IVA por la compra. Pero al tratarse de compra necesaria para el desarrollo de tu actividad empresarial puedes deducirlo. En decir, el IVA soportado es el IVA de los gastos y el \u201cIVA repercutido\u201d es aquel que incluimos en nuestras facturas y debemos devolver a hacienda.<\/li>\n<li>Los pagos de <strong>Cuota de Seguridad Social<\/strong>: Conocido tambi\u00e9n como cuota de aut\u00f3nomos, variar\u00e1 en funci\u00f3n a la base de cotizaci\u00f3n que decidas declarar como aut\u00f3nomo o el \u201csueldo te\u00f3rico\u201d que, como trabajador, estimas que vas a percibir. Siendo el <strong>pago m\u00ednimo de 289\u20ac al mes<\/strong> con una <strong>base de cotizaci\u00f3n de 944,40\u20ac<\/strong>. Y la <strong>cuota m\u00e1xima de 1.245,45\u20ac <\/strong>con una <strong>base de cotizaci\u00f3n de 4.070,1\u20ac<\/strong>.<\/li>\n<li>La <strong>declaraci\u00f3n de la renta<\/strong>: La declaraci\u00f3n de la renta para los aut\u00f3nomos funciona de manera similar a la de los trabajadores por cuenta ajena. Como trabajador (aunque sea por cuenta propia) cada mes habr\u00e1s ido reteniendo en factura un tanto por ciento del valor de tu actividad (IRPF). En caso de haber retenido por un importe inferior al que correspond\u00eda seg\u00fan los tramos de ingresos anuales, corresponder\u00e1 pagar. En caso contrario, si has retenido de m\u00e1s, hacienda proceder\u00e1 a la devoluci\u00f3n.<\/li>\n<\/ol>\n<h2>C\u00f3mo calcular tus ingresos reales<\/h2>\n<p>Si quieres calcular tus ingresos reales, es decir, el <strong>dinero neto con el que puedes contar cada mes<\/strong>, Entonces debes tener en cuenta restar los conceptos y retenciones que te hemos descrito en el p\u00e1rrafo anterior.<\/p>\n<ol>\n<li><strong>La liquidaci\u00f3n trimestral del IVA modelo 303<\/strong><\/li>\n<li><strong>Los pagos de Cuota de Seguridad Social<\/strong><\/li>\n<li><strong>La declaraci\u00f3n de la renta<\/strong><\/li>\n<\/ol>\n<p>En este art\u00edculo sobre las <strong><a href=\"https:\/\/www.occident.com\/canal\/autonomos-pymes\/post\/base-cotizacion-autonomos\" target=\"_self\" rel=\"noopener\">cotizaciones como aut\u00f3nomo<\/a><\/strong> te ampliamos m\u00e1s sobre cada uno de los puntos y c\u00f3mo pueden afectar a tus ingresos.<\/p>\n<p>Si necesitas m\u00e1s informaci\u00f3n, no dudes en contactar a uno de <strong><a href=\"https:\/\/contactar.occident.com\/rc-autonomos?utm_campaign=NySa-Nurturing&amp;utm_source=art%C3%ADculo&amp;utm_medium=canal&amp;utm_content=calculadora_irpf\" target=\"_blank\" rel=\"noopener\">nuestros expertos<\/a><\/strong>, quienes estar\u00e1n encantados de ofrecerte asesoramiento gratuito.<\/p>\n","protected":false},"excerpt":{"rendered":"<p>Si eres aut\u00f3nomo y quieres calcular de manera sencilla los importes de tus facturas con el desglose del IVA e IRPF, te invitamos a utilizar nuestra calculadora de IRPF e IVA. Como aut\u00f3nomo, si quieres tener tus cuentas claras, debes tener claro que una de las diferencias principales frente a los trabajadores por cuenta ajena, [&hellip;]<\/p>\n","protected":false},"author":11,"featured_media":41436,"parent":41455,"menu_order":0,"comment_status":"closed","ping_status":"closed","template":"page-templates\/page-simuladores.php","meta":{"yasr_overall_rating":0,"yasr_post_is_review":"","yasr_auto_insert_disabled":"","yasr_review_type":""},"acf":[],"yoast_head":"<!-- This site is optimized with the Yoast SEO plugin v20.10 - https:\/\/yoast.com\/wordpress\/plugins\/seo\/ -->\n<title>Calculadora para aut\u00f3nomos de IRPF e IVA - Blog de Occident<\/title>\n<meta name=\"robots\" content=\"index, follow, max-snippet:-1, max-image-preview:large, max-video-preview:-1\" \/>\n<link rel=\"canonical\" href=\"https:\/\/www.occident.com\/\/blog\/autonomos-pymes\/calcular\/calculadora-autonomos-irpf-iva\/\" \/>\n<meta property=\"og:locale\" content=\"es_ES\" \/>\n<meta property=\"og:type\" content=\"article\" \/>\n<meta property=\"og:title\" content=\"Calculadora para aut\u00f3nomos de IRPF e IVA - Blog de Occident\" \/>\n<meta property=\"og:description\" content=\"Si eres aut\u00f3nomo y quieres calcular de manera sencilla los importes de tus facturas con el desglose del IVA e IRPF, te invitamos a utilizar nuestra calculadora de IRPF e IVA. Como aut\u00f3nomo, si quieres tener tus cuentas claras, debes tener claro que una de las diferencias principales frente a los trabajadores por cuenta ajena, [&hellip;]\" \/>\n<meta property=\"og:url\" content=\"https:\/\/www.occident.com\/\/blog\/autonomos-pymes\/calcular\/calculadora-autonomos-irpf-iva\/\" \/>\n<meta property=\"og:site_name\" content=\"Blog de Occident\" \/>\n<meta property=\"article:publisher\" content=\"https:\/\/www.facebook.com\/OccidentSeguros\" \/>\n<meta property=\"article:modified_time\" content=\"2025-11-18T13:34:21+00:00\" \/>\n<meta property=\"og:image\" content=\"https:\/\/www.occident.com\/\/blog\/assets\/multimedia\/2025\/09\/PU_territorio.jpg\" \/>\n\t<meta property=\"og:image:width\" content=\"1900\" \/>\n\t<meta property=\"og:image:height\" content=\"490\" \/>\n\t<meta property=\"og:image:type\" content=\"image\/jpeg\" \/>\n<meta name=\"twitter:card\" content=\"summary_large_image\" \/>\n<meta name=\"twitter:label1\" content=\"Tiempo de lectura\" \/>\n\t<meta name=\"twitter:data1\" content=\"4 minutos\" \/>\n<script type=\"application\/ld+json\" class=\"yoast-schema-graph\">{\"@context\":\"https:\/\/schema.org\",\"@graph\":[{\"@type\":\"WebPage\",\"@id\":\"https:\/\/www.occident.com\/\/blog\/autonomos-pymes\/calcular\/calculadora-autonomos-irpf-iva\/\",\"url\":\"https:\/\/www.occident.com\/\/blog\/autonomos-pymes\/calcular\/calculadora-autonomos-irpf-iva\/\",\"name\":\"Calculadora para aut\u00f3nomos de IRPF e IVA - Blog de Occident\",\"isPartOf\":{\"@id\":\"https:\/\/www.occident.com\/\/blog\/#website\"},\"datePublished\":\"2025-09-22T16:47:15+00:00\",\"dateModified\":\"2025-11-18T13:34:21+00:00\",\"breadcrumb\":{\"@id\":\"https:\/\/www.occident.com\/\/blog\/autonomos-pymes\/calcular\/calculadora-autonomos-irpf-iva\/#breadcrumb\"},\"inLanguage\":\"es\",\"potentialAction\":[{\"@type\":\"ReadAction\",\"target\":[\"https:\/\/www.occident.com\/\/blog\/autonomos-pymes\/calcular\/calculadora-autonomos-irpf-iva\/\"]}]},{\"@type\":\"BreadcrumbList\",\"@id\":\"https:\/\/www.occident.com\/\/blog\/autonomos-pymes\/calcular\/calculadora-autonomos-irpf-iva\/#breadcrumb\",\"itemListElement\":[{\"@type\":\"ListItem\",\"position\":1,\"name\":\"Calcular Aut\u00f3nomos y PYMES\",\"item\":\"https:\/\/www.occident.com\/\/blog\/autonomos-pymes\/calcular\/\"},{\"@type\":\"ListItem\",\"position\":2,\"name\":\"Calculadora para aut\u00f3nomos de IRPF e IVA\"}]},{\"@type\":\"WebSite\",\"@id\":\"https:\/\/www.occident.com\/\/blog\/#website\",\"url\":\"https:\/\/www.occident.com\/\/blog\/\",\"name\":\"Blog de Occident\",\"description\":\"Blog de Occident con informaci\u00f3n pr\u00e1ctica y consejos sobre ahorro en el hogar, familia, decoraci\u00f3n, bricolaje y cocina.\",\"publisher\":{\"@id\":\"https:\/\/www.occident.com\/\/blog\/#organization\"},\"potentialAction\":[{\"@type\":\"SearchAction\",\"target\":{\"@type\":\"EntryPoint\",\"urlTemplate\":\"https:\/\/www.occident.com\/\/blog\/?s={search_term_string}\"},\"query-input\":\"required name=search_term_string\"}],\"inLanguage\":\"es\"},{\"@type\":\"Organization\",\"@id\":\"https:\/\/www.occident.com\/\/blog\/#organization\",\"name\":\"Blog de Occident\",\"url\":\"https:\/\/www.occident.com\/\/blog\/\",\"logo\":{\"@type\":\"ImageObject\",\"inLanguage\":\"es\",\"@id\":\"https:\/\/www.occident.com\/\/blog\/#\/schema\/logo\/image\/\",\"url\":\"https:\/\/www.occident.com\/\/blog\/assets\/multimedia\/2025\/02\/occident-logo.jpg\",\"contentUrl\":\"https:\/\/www.occident.com\/\/blog\/assets\/multimedia\/2025\/02\/occident-logo.jpg\",\"width\":250,\"height\":141,\"caption\":\"Blog de Occident\"},\"image\":{\"@id\":\"https:\/\/www.occident.com\/\/blog\/#\/schema\/logo\/image\/\"},\"sameAs\":[\"https:\/\/www.facebook.com\/OccidentSeguros\",\"https:\/\/www.linkedin.com\/company\/occidentseguros\/\",\"https:\/\/www.tiktok.com\/@occidentseguros\",\"https:\/\/x.com\/OccidentSeguros\"]}]}<\/script>\n<!-- \/ Yoast SEO plugin. -->","yoast_head_json":{"title":"Calculadora para aut\u00f3nomos de IRPF e IVA - Blog de Occident","robots":{"index":"index","follow":"follow","max-snippet":"max-snippet:-1","max-image-preview":"max-image-preview:large","max-video-preview":"max-video-preview:-1"},"canonical":"https:\/\/www.occident.com\/\/blog\/autonomos-pymes\/calcular\/calculadora-autonomos-irpf-iva\/","og_locale":"es_ES","og_type":"article","og_title":"Calculadora para aut\u00f3nomos de IRPF e IVA - Blog de Occident","og_description":"Si eres aut\u00f3nomo y quieres calcular de manera sencilla los importes de tus facturas con el desglose del IVA e IRPF, te invitamos a utilizar nuestra calculadora de IRPF e IVA. Como aut\u00f3nomo, si quieres tener tus cuentas claras, debes tener claro que una de las diferencias principales frente a los trabajadores por cuenta ajena, [&hellip;]","og_url":"https:\/\/www.occident.com\/\/blog\/autonomos-pymes\/calcular\/calculadora-autonomos-irpf-iva\/","og_site_name":"Blog de Occident","article_publisher":"https:\/\/www.facebook.com\/OccidentSeguros","article_modified_time":"2025-11-18T13:34:21+00:00","og_image":[{"width":1900,"height":490,"url":"https:\/\/www.occident.com\/\/blog\/assets\/multimedia\/2025\/09\/PU_territorio.jpg","type":"image\/jpeg"}],"twitter_card":"summary_large_image","twitter_misc":{"Tiempo de lectura":"4 minutos"},"schema":{"@context":"https:\/\/schema.org","@graph":[{"@type":"WebPage","@id":"https:\/\/www.occident.com\/\/blog\/autonomos-pymes\/calcular\/calculadora-autonomos-irpf-iva\/","url":"https:\/\/www.occident.com\/\/blog\/autonomos-pymes\/calcular\/calculadora-autonomos-irpf-iva\/","name":"Calculadora para aut\u00f3nomos de IRPF e IVA - Blog de Occident","isPartOf":{"@id":"https:\/\/www.occident.com\/\/blog\/#website"},"datePublished":"2025-09-22T16:47:15+00:00","dateModified":"2025-11-18T13:34:21+00:00","breadcrumb":{"@id":"https:\/\/www.occident.com\/\/blog\/autonomos-pymes\/calcular\/calculadora-autonomos-irpf-iva\/#breadcrumb"},"inLanguage":"es","potentialAction":[{"@type":"ReadAction","target":["https:\/\/www.occident.com\/\/blog\/autonomos-pymes\/calcular\/calculadora-autonomos-irpf-iva\/"]}]},{"@type":"BreadcrumbList","@id":"https:\/\/www.occident.com\/\/blog\/autonomos-pymes\/calcular\/calculadora-autonomos-irpf-iva\/#breadcrumb","itemListElement":[{"@type":"ListItem","position":1,"name":"Calcular Aut\u00f3nomos y PYMES","item":"https:\/\/www.occident.com\/\/blog\/autonomos-pymes\/calcular\/"},{"@type":"ListItem","position":2,"name":"Calculadora para aut\u00f3nomos de IRPF e IVA"}]},{"@type":"WebSite","@id":"https:\/\/www.occident.com\/\/blog\/#website","url":"https:\/\/www.occident.com\/\/blog\/","name":"Blog de Occident","description":"Blog de Occident con informaci\u00f3n pr\u00e1ctica y consejos sobre ahorro en el hogar, familia, decoraci\u00f3n, bricolaje y cocina.","publisher":{"@id":"https:\/\/www.occident.com\/\/blog\/#organization"},"potentialAction":[{"@type":"SearchAction","target":{"@type":"EntryPoint","urlTemplate":"https:\/\/www.occident.com\/\/blog\/?s={search_term_string}"},"query-input":"required name=search_term_string"}],"inLanguage":"es"},{"@type":"Organization","@id":"https:\/\/www.occident.com\/\/blog\/#organization","name":"Blog de Occident","url":"https:\/\/www.occident.com\/\/blog\/","logo":{"@type":"ImageObject","inLanguage":"es","@id":"https:\/\/www.occident.com\/\/blog\/#\/schema\/logo\/image\/","url":"https:\/\/www.occident.com\/\/blog\/assets\/multimedia\/2025\/02\/occident-logo.jpg","contentUrl":"https:\/\/www.occident.com\/\/blog\/assets\/multimedia\/2025\/02\/occident-logo.jpg","width":250,"height":141,"caption":"Blog de Occident"},"image":{"@id":"https:\/\/www.occident.com\/\/blog\/#\/schema\/logo\/image\/"},"sameAs":["https:\/\/www.facebook.com\/OccidentSeguros","https:\/\/www.linkedin.com\/company\/occidentseguros\/","https:\/\/www.tiktok.com\/@occidentseguros","https:\/\/x.com\/OccidentSeguros"]}]}},"yasr_visitor_votes":{"stars_attributes":{"read_only":false,"span_bottom":false},"number_of_votes":0,"sum_votes":0},"_links":{"self":[{"href":"https:\/\/www.occident.com\/\/blog\/wp-json\/wp\/v2\/pages\/41454"}],"collection":[{"href":"https:\/\/www.occident.com\/\/blog\/wp-json\/wp\/v2\/pages"}],"about":[{"href":"https:\/\/www.occident.com\/\/blog\/wp-json\/wp\/v2\/types\/page"}],"author":[{"embeddable":true,"href":"https:\/\/www.occident.com\/\/blog\/wp-json\/wp\/v2\/users\/11"}],"replies":[{"embeddable":true,"href":"https:\/\/www.occident.com\/\/blog\/wp-json\/wp\/v2\/comments?post=41454"}],"version-history":[{"count":1,"href":"https:\/\/www.occident.com\/\/blog\/wp-json\/wp\/v2\/pages\/41454\/revisions"}],"predecessor-version":[{"id":41457,"href":"https:\/\/www.occident.com\/\/blog\/wp-json\/wp\/v2\/pages\/41454\/revisions\/41457"}],"up":[{"embeddable":true,"href":"https:\/\/www.occident.com\/\/blog\/wp-json\/wp\/v2\/pages\/41455"}],"wp:featuredmedia":[{"embeddable":true,"href":"https:\/\/www.occident.com\/\/blog\/wp-json\/wp\/v2\/media\/41436"}],"wp:attachment":[{"href":"https:\/\/www.occident.com\/\/blog\/wp-json\/wp\/v2\/media?parent=41454"}],"curies":[{"name":"wp","href":"https:\/\/api.w.org\/{rel}","templated":true}]}}