{"id":41440,"date":"2025-09-22T18:47:15","date_gmt":"2025-09-22T16:47:15","guid":{"rendered":"https:\/\/www.occident.com\/\/blog\/rest\/"},"modified":"2025-10-06T10:29:35","modified_gmt":"2025-10-06T08:29:35","slug":"autonomos-pymes-colaboradores-expertos","status":"publish","type":"page","link":"https:\/\/www.occident.com\/\/blog\/autonomos-pymes\/colaboradores-expertos\/","title":{"rendered":"Colaboradores expertos"},"content":{"rendered":"","protected":false},"excerpt":{"rendered":"","protected":false},"author":11,"featured_media":0,"parent":0,"menu_order":0,"comment_status":"closed","ping_status":"closed","template":"page-templates\/page-colaboradores-autonomos.php","meta":{"yasr_overall_rating":0,"yasr_post_is_review":"","yasr_auto_insert_disabled":"","yasr_review_type":""},"acf":[],"yoast_head":"<!-- This site is optimized with the Yoast SEO plugin v20.10 - https:\/\/yoast.com\/wordpress\/plugins\/seo\/ -->\n<title>Colaboradores expertos - Blog de Occident<\/title>\n<meta name=\"robots\" content=\"index, follow, max-snippet:-1, max-image-preview:large, max-video-preview:-1\" \/>\n<link rel=\"canonical\" href=\"https:\/\/www.occident.com\/\/blog\/autonomos-pymes\/colaboradores-expertos\/\" \/>\n<meta property=\"og:locale\" content=\"es_ES\" \/>\n<meta property=\"og:type\" content=\"article\" \/>\n<meta property=\"og:title\" content=\"Colaboradores expertos - Blog de Occident\" \/>\n<meta property=\"og:url\" content=\"https:\/\/www.occident.com\/\/blog\/autonomos-pymes\/colaboradores-expertos\/\" \/>\n<meta property=\"og:site_name\" content=\"Blog de Occident\" \/>\n<meta property=\"article:publisher\" content=\"https:\/\/www.facebook.com\/OccidentSeguros\" \/>\n<meta property=\"article:modified_time\" content=\"2025-10-06T08:29:35+00:00\" \/>\n<meta property=\"og:image\" content=\"https:\/\/www.occident.com\/\/blog\/assets\/multimedia\/2025\/02\/occident-logo.jpg\" \/>\n\t<meta property=\"og:image:width\" content=\"250\" \/>\n\t<meta property=\"og:image:height\" content=\"141\" \/>\n\t<meta property=\"og:image:type\" content=\"image\/jpeg\" \/>\n<meta name=\"twitter:card\" content=\"summary_large_image\" \/>\n<script type=\"application\/ld+json\" class=\"yoast-schema-graph\">{\"@context\":\"https:\/\/schema.org\",\"@graph\":[{\"@type\":\"WebPage\",\"@id\":\"https:\/\/www.occident.com\/\/blog\/autonomos-pymes\/colaboradores-expertos\/\",\"url\":\"https:\/\/www.occident.com\/\/blog\/autonomos-pymes\/colaboradores-expertos\/\",\"name\":\"Colaboradores expertos - Blog de Occident\",\"isPartOf\":{\"@id\":\"https:\/\/www.occident.com\/\/blog\/#website\"},\"datePublished\":\"2025-09-22T16:47:15+00:00\",\"dateModified\":\"2025-10-06T08:29:35+00:00\",\"inLanguage\":\"es\",\"potentialAction\":[{\"@type\":\"ReadAction\",\"target\":[\"https:\/\/www.occident.com\/\/blog\/autonomos-pymes\/colaboradores-expertos\/\"]}]},{\"@type\":\"WebSite\",\"@id\":\"https:\/\/www.occident.com\/\/blog\/#website\",\"url\":\"https:\/\/www.occident.com\/\/blog\/\",\"name\":\"Blog de Occident\",\"description\":\"Blog de Occident con informaci\u00f3n pr\u00e1ctica y consejos sobre ahorro en el hogar, familia, decoraci\u00f3n, bricolaje y cocina.\",\"publisher\":{\"@id\":\"https:\/\/www.occident.com\/\/blog\/#organization\"},\"potentialAction\":[{\"@type\":\"SearchAction\",\"target\":{\"@type\":\"EntryPoint\",\"urlTemplate\":\"https:\/\/www.occident.com\/\/blog\/?s={search_term_string}\"},\"query-input\":\"required name=search_term_string\"}],\"inLanguage\":\"es\"},{\"@type\":\"Organization\",\"@id\":\"https:\/\/www.occident.com\/\/blog\/#organization\",\"name\":\"Blog de Occident\",\"url\":\"https:\/\/www.occident.com\/\/blog\/\",\"logo\":{\"@type\":\"ImageObject\",\"inLanguage\":\"es\",\"@id\":\"https:\/\/www.occident.com\/\/blog\/#\/schema\/logo\/image\/\",\"url\":\"https:\/\/www.occident.com\/\/blog\/assets\/multimedia\/2025\/02\/occident-logo.jpg\",\"contentUrl\":\"https:\/\/www.occident.com\/\/blog\/assets\/multimedia\/2025\/02\/occident-logo.jpg\",\"width\":250,\"height\":141,\"caption\":\"Blog de Occident\"},\"image\":{\"@id\":\"https:\/\/www.occident.com\/\/blog\/#\/schema\/logo\/image\/\"},\"sameAs\":[\"https:\/\/www.facebook.com\/OccidentSeguros\",\"https:\/\/www.linkedin.com\/company\/occidentseguros\/\",\"https:\/\/www.tiktok.com\/@occidentseguros\",\"https:\/\/x.com\/OccidentSeguros\"]}]}<\/script>\n<!-- \/ Yoast SEO plugin. -->","yoast_head_json":{"title":"Colaboradores expertos - Blog de Occident","robots":{"index":"index","follow":"follow","max-snippet":"max-snippet:-1","max-image-preview":"max-image-preview:large","max-video-preview":"max-video-preview:-1"},"canonical":"https:\/\/www.occident.com\/\/blog\/autonomos-pymes\/colaboradores-expertos\/","og_locale":"es_ES","og_type":"article","og_title":"Colaboradores expertos - Blog de Occident","og_url":"https:\/\/www.occident.com\/\/blog\/autonomos-pymes\/colaboradores-expertos\/","og_site_name":"Blog de Occident","article_publisher":"https:\/\/www.facebook.com\/OccidentSeguros","article_modified_time":"2025-10-06T08:29:35+00:00","og_image":[{"width":250,"height":141,"url":"https:\/\/www.occident.com\/\/blog\/assets\/multimedia\/2025\/02\/occident-logo.jpg","type":"image\/jpeg"}],"twitter_card":"summary_large_image","schema":{"@context":"https:\/\/schema.org","@graph":[{"@type":"WebPage","@id":"https:\/\/www.occident.com\/\/blog\/autonomos-pymes\/colaboradores-expertos\/","url":"https:\/\/www.occident.com\/\/blog\/autonomos-pymes\/colaboradores-expertos\/","name":"Colaboradores expertos - Blog de Occident","isPartOf":{"@id":"https:\/\/www.occident.com\/\/blog\/#website"},"datePublished":"2025-09-22T16:47:15+00:00","dateModified":"2025-10-06T08:29:35+00:00","inLanguage":"es","potentialAction":[{"@type":"ReadAction","target":["https:\/\/www.occident.com\/\/blog\/autonomos-pymes\/colaboradores-expertos\/"]}]},{"@type":"WebSite","@id":"https:\/\/www.occident.com\/\/blog\/#website","url":"https:\/\/www.occident.com\/\/blog\/","name":"Blog de Occident","description":"Blog de Occident con informaci\u00f3n pr\u00e1ctica y consejos sobre ahorro en el hogar, familia, decoraci\u00f3n, bricolaje y cocina.","publisher":{"@id":"https:\/\/www.occident.com\/\/blog\/#organization"},"potentialAction":[{"@type":"SearchAction","target":{"@type":"EntryPoint","urlTemplate":"https:\/\/www.occident.com\/\/blog\/?s={search_term_string}"},"query-input":"required name=search_term_string"}],"inLanguage":"es"},{"@type":"Organization","@id":"https:\/\/www.occident.com\/\/blog\/#organization","name":"Blog de Occident","url":"https:\/\/www.occident.com\/\/blog\/","logo":{"@type":"ImageObject","inLanguage":"es","@id":"https:\/\/www.occident.com\/\/blog\/#\/schema\/logo\/image\/","url":"https:\/\/www.occident.com\/\/blog\/assets\/multimedia\/2025\/02\/occident-logo.jpg","contentUrl":"https:\/\/www.occident.com\/\/blog\/assets\/multimedia\/2025\/02\/occident-logo.jpg","width":250,"height":141,"caption":"Blog de Occident"},"image":{"@id":"https:\/\/www.occident.com\/\/blog\/#\/schema\/logo\/image\/"},"sameAs":["https:\/\/www.facebook.com\/OccidentSeguros","https:\/\/www.linkedin.com\/company\/occidentseguros\/","https:\/\/www.tiktok.com\/@occidentseguros","https:\/\/x.com\/OccidentSeguros"]}]}},"yasr_visitor_votes":{"stars_attributes":{"read_only":false,"span_bottom":false},"number_of_votes":0,"sum_votes":0},"_links":{"self":[{"href":"https:\/\/www.occident.com\/\/blog\/wp-json\/wp\/v2\/pages\/41440"}],"collection":[{"href":"https:\/\/www.occident.com\/\/blog\/wp-json\/wp\/v2\/pages"}],"about":[{"href":"https:\/\/www.occident.com\/\/blog\/wp-json\/wp\/v2\/types\/page"}],"author":[{"embeddable":true,"href":"https:\/\/www.occident.com\/\/blog\/wp-json\/wp\/v2\/users\/11"}],"replies":[{"embeddable":true,"href":"https:\/\/www.occident.com\/\/blog\/wp-json\/wp\/v2\/comments?post=41440"}],"version-history":[{"count":1,"href":"https:\/\/www.occident.com\/\/blog\/wp-json\/wp\/v2\/pages\/41440\/revisions"}],"predecessor-version":[{"id":41511,"href":"https:\/\/www.occident.com\/\/blog\/wp-json\/wp\/v2\/pages\/41440\/revisions\/41511"}],"wp:attachment":[{"href":"https:\/\/www.occident.com\/\/blog\/wp-json\/wp\/v2\/media?parent=41440"}],"curies":[{"name":"wp","href":"https:\/\/api.w.org\/{rel}","templated":true}]}}